{"id":1622,"date":"2018-09-15T19:06:09","date_gmt":"2018-09-15T17:06:09","guid":{"rendered":"http:\/\/mfrnord.info\/wordpress\/?page_id=1622"},"modified":"2019-09-15T17:05:38","modified_gmt":"2019-09-15T15:05:38","slug":"vorstandschaft-2018-2019","status":"publish","type":"page","link":"https:\/\/mfrnord.info\/wordpress\/vorstandschaft\/vorstandschaft-historie\/vorstandschaft-2018-2019\/","title":{"rendered":"Vorstandschaft 2018\/2019"},"content":{"rendered":"<div align=\"center\">Vorstandschaft des Schachkreises Mfr. Nord<\/div>\n<table border=\"1\" width=\"100%\" cellspacing=\"0\" cellpadding=\"0\">\n<tbody>\n<tr>\n<td class=\"standard\" valign=\"top\" width=\"70%\">\n<div align=\"left\"><strong>1. Vorsitzender<\/strong><br \/>\nJ\u00fcrgen Meyer<\/div>\n<\/td>\n<td class=\"standard\" valign=\"top\" width=\"30%\">\n<div align=\"left\">\n<a href=\"https:\/\/mfrnord.info\/kreis\/vorstand\/pics\/meyer.jpg\"><img decoding=\"async\" class=\"alignnone size-thumbnail wp-image-167\" src=\"https:\/\/mfrnord.info\/kreis\/vorstand\/pics\/meyer.jpg\" alt=\"J\u00fcrgen Meyer\" height=\"150\" \/><\/a><\/div>\n<\/td>\n<\/tr>\n<\/tbody>\n<\/table>\n<table border=\"1\" width=\"100%\" cellspacing=\"0\" cellpadding=\"0\">\n<tbody>\n<tr>\n<td class=\"standard\" valign=\"top\" width=\"70%\">\n<div align=\"left\"><strong>2. Vorsitzender<\/strong><br \/>\nDr. Wolfgang Kretschmer<\/div>\n<\/td>\n<td class=\"standard\" valign=\"top\" width=\"30%\">\n<div align=\"left\">\n<a href=\"https:\/\/mfrnord.info\/kreis\/vorstand\/pics\/kretschmer.jpg\"><img decoding=\"async\" class=\"alignnone size-thumbnail wp-image-167\" src=\"https:\/\/mfrnord.info\/kreis\/vorstand\/pics\/kretschmer.jpg\" alt=\"Dr. Wolfgang Kretschmer\" height=\"150\" \/><\/a><\/div>\n<\/td>\n<\/tr>\n<\/tbody>\n<\/table>\n<table border=\"1\" width=\"100%\" cellspacing=\"0\" cellpadding=\"0\">\n<tbody>\n<tr>\n<td class=\"standard\" valign=\"top\" width=\"70%\">\n<div align=\"left\"><strong>1. Spielleiter<\/strong><br \/>\nJ\u00fcrgen Buchta<\/div>\n<\/td>\n<td class=\"standard\" valign=\"top\" width=\"30%\">\n<div align=\"left\">\n<a href=\"https:\/\/mfrnord.info\/kreis\/vorstand\/pics\/buchta_02.jpg\"><img decoding=\"async\" class=\"alignnone size-thumbnail wp-image-167\" src=\"https:\/\/mfrnord.info\/kreis\/vorstand\/pics\/buchta_02.jpg\" alt=\"J\u00fcrgen Buchta\" height=\"150\" \/><\/a><\/div>\n<\/td>\n<\/tr>\n<\/tbody>\n<\/table>\n<table border=\"1\" width=\"100%\" cellspacing=\"0\" cellpadding=\"0\">\n<tbody>\n<tr>\n<td class=\"standard\" valign=\"top\" width=\"70%\">\n<div align=\"left\"><strong>2. Spielleiter &#8222;Kreisligen&#8220;<\/strong><br \/>\nPatrick Daniel Gre\u00df<\/div>\n<\/td>\n<td class=\"standard\" valign=\"top\" width=\"30%\">\n<div align=\"left\">\n<a href=\"https:\/\/mfrnord.info\/kreis\/vorstand\/pics\/feldmann.jpg\"><img decoding=\"async\" class=\"alignnone size-thumbnail wp-image-167\" src=\"https:\/\/mfrnord.info\/kreis\/vorstand\/pics\/gress.jpg\" alt=\"Patrick Daniel Gre\u00df\" height=\"150\" \/><\/a><\/div>\n<\/td>\n<\/tr>\n<\/tbody>\n<\/table>\n<table border=\"1\" width=\"100%\" cellspacing=\"0\" cellpadding=\"0\">\n<tbody>\n<tr>\n<td class=\"standard\" valign=\"top\" width=\"70%\">\n<div align=\"left\"><strong>1. Jugendleiter<\/strong><br \/>\nMichael Balhar<\/div>\n<\/td>\n<td class=\"standard\" valign=\"top\" width=\"30%\">\n<div align=\"left\">\n<a href=\"https:\/\/mfrnord.info\/kreis\/vorstand\/pics\/balhar.jpg\"><img decoding=\"async\" class=\"alignnone size-thumbnail wp-image-167\" src=\"https:\/\/mfrnord.info\/kreis\/vorstand\/pics\/balhar.jpg\" alt=\"Michael balhar\" height=\"150\" \/><\/a><\/div>\n<\/td>\n<\/tr>\n<\/tbody>\n<\/table>\n<table border=\"1\" width=\"100%\" cellspacing=\"0\" cellpadding=\"0\">\n<tbody>\n<tr>\n<td class=\"standard\" valign=\"top\" width=\"70%\">\n<div align=\"left\"><strong>2. Jugendleiter<\/strong><br \/>\nChristian Haag<\/div>\n<\/td>\n<td class=\"standard\" valign=\"top\" width=\"30%\">\n<div align=\"left\">\n<a href=\"https:\/\/mfrnord.info\/kreis\/vorstand\/pics\/haag.jpg\"><img decoding=\"async\" class=\"alignnone size-thumbnail wp-image-167\" src=\"https:\/\/mfrnord.info\/kreis\/vorstand\/pics\/haag.jpg\" alt=\"Christian Haag\" height=\"150\" \/><\/a><\/div>\n<\/td>\n<\/tr>\n<\/tbody>\n<\/table>\n<table border=\"1\" width=\"100%\" cellspacing=\"0\" cellpadding=\"0\">\n<tbody>\n<tr>\n<td class=\"standard\" valign=\"top\" width=\"70%\">\n<div align=\"left\"><strong>Schriftf\u00fchrer<\/strong><br \/>\nGerhard Feldmann<\/div>\n<\/td>\n<td class=\"standard\" valign=\"top\" width=\"30%\">\n<div align=\"left\">\n<a href=\"https:\/\/mfrnord.info\/kreis\/vorstand\/pics\/feldmann.jpg\"><img decoding=\"async\" class=\"alignnone size-thumbnail wp-image-167\" src=\"https:\/\/mfrnord.info\/kreis\/vorstand\/pics\/feldmann.jpg\" alt=\"Gerhard Feldmann\" height=\"150\" \/><\/a><\/div>\n<\/td>\n<\/tr>\n<\/tbody>\n<\/table>\n<table border=\"1\" width=\"100%\" cellspacing=\"0\" cellpadding=\"0\">\n<tbody>\n<tr>\n<td class=\"standard\" valign=\"top\" width=\"70%\">\n<div align=\"left\"><strong>Moderator<\/strong><br \/>\nHelmut Fett<\/div>\n<\/td>\n<td class=\"standard\" valign=\"top\" width=\"30%\">\n<div align=\"left\">\n<a href=\"https:\/\/mfrnord.info\/kreis\/vorstand\/pics\/fett.jpg\"><img decoding=\"async\" class=\"alignnone size-thumbnail wp-image-167\" src=\"https:\/\/mfrnord.info\/kreis\/vorstand\/pics\/fett.jpg\" alt=\"Helmut Fett\" height=\"150\" \/><\/a><\/div>\n<\/td>\n<\/tr>\n<\/tbody>\n<\/table>\n<table border=\"1\" width=\"100%\" cellspacing=\"0\" cellpadding=\"0\">\n<tbody>\n<tr>\n<td class=\"standard\" valign=\"top\" width=\"70%\">\n<div align=\"left\"><strong>DWZ-Wart<\/strong><br \/>\nStefan Zimmer<\/div>\n<\/td>\n<td class=\"standard\" valign=\"top\" width=\"30%\">\n<div align=\"left\">\n<a href=\"https:\/\/mfrnord.info\/kreis\/vorstand\/pics\/zimmer.jpg\"><img decoding=\"async\" class=\"alignnone size-thumbnail wp-image-167\" src=\"https:\/\/mfrnord.info\/kreis\/vorstand\/pics\/zimmer.jpg\" alt=\"Stefan Zimmer\" height=\"150\" \/><\/a><\/div>\n<\/td>\n<\/tr>\n<\/tbody>\n<\/table>\n<table border=\"1\" width=\"100%\" cellspacing=\"0\" cellpadding=\"0\">\n<tbody>\n<tr>\n<td class=\"standard\" valign=\"top\" width=\"70%\">\n<div align=\"left\"><strong>Kassenwart<\/strong><br \/>\nKlaus Sch\u00f6bel<\/div>\n<\/td>\n<td class=\"standard\" valign=\"top\" width=\"30%\">\n<div align=\"left\">\n<a href=\"https:\/\/mfrnord.info\/kreis\/vorstand\/pics\/schoebel.jpg\"><img decoding=\"async\" class=\"alignnone size-thumbnail wp-image-167\" src=\"https:\/\/mfrnord.info\/kreis\/vorstand\/pics\/schoebel.jpg\" alt=\"Klaus Sch\u00f6bel\" height=\"150\" \/><\/a><\/div>\n<\/td>\n<\/tr>\n<\/tbody>\n<\/table>\n<table border=\"1\" width=\"100%\" cellspacing=\"0\" cellpadding=\"0\">\n<tbody>\n<tr>\n<td class=\"standard\" valign=\"top\" width=\"70%\">\n<div align=\"left\"><strong>Revisoren<\/strong><br \/>\nHorst Habermann &amp; Manfred Seel<\/div>\n<\/td>\n<td class=\"standard\" valign=\"top\" width=\"30%\">\n<div align=\"left\"><\/div>\n<\/td>\n<\/tr>\n<\/tbody>\n<\/table>\n","protected":false},"excerpt":{"rendered":"<p>Vorstandschaft des Schachkreises Mfr. Nord 1. Vorsitzender J\u00fcrgen Meyer 2. Vorsitzender Dr. Wolfgang Kretschmer 1. Spielleiter J\u00fcrgen Buchta 2. Spielleiter &#8222;Kreisligen&#8220; Patrick Daniel Gre\u00df 1. Jugendleiter Michael Balhar 2. Jugendleiter Christian Haag Schriftf\u00fchrer Gerhard Feldmann Moderator Helmut Fett DWZ-Wart Stefan &hellip; <a href=\"https:\/\/mfrnord.info\/wordpress\/vorstandschaft\/vorstandschaft-historie\/vorstandschaft-2018-2019\/\">Weiterlesen <span class=\"meta-nav\">&rarr;<\/span><\/a><\/p>\n","protected":false},"author":11,"featured_media":0,"parent":329,"menu_order":0,"comment_status":"closed","ping_status":"closed","template":"","meta":{"footnotes":""},"class_list":["post-1622","page","type-page","status-publish","hentry"],"_links":{"self":[{"href":"https:\/\/mfrnord.info\/wordpress\/wp-json\/wp\/v2\/pages\/1622","targetHints":{"allow":["GET"]}}],"collection":[{"href":"https:\/\/mfrnord.info\/wordpress\/wp-json\/wp\/v2\/pages"}],"about":[{"href":"https:\/\/mfrnord.info\/wordpress\/wp-json\/wp\/v2\/types\/page"}],"author":[{"embeddable":true,"href":"https:\/\/mfrnord.info\/wordpress\/wp-json\/wp\/v2\/users\/11"}],"replies":[{"embeddable":true,"href":"https:\/\/mfrnord.info\/wordpress\/wp-json\/wp\/v2\/comments?post=1622"}],"version-history":[{"count":5,"href":"https:\/\/mfrnord.info\/wordpress\/wp-json\/wp\/v2\/pages\/1622\/revisions"}],"predecessor-version":[{"id":1957,"href":"https:\/\/mfrnord.info\/wordpress\/wp-json\/wp\/v2\/pages\/1622\/revisions\/1957"}],"up":[{"embeddable":true,"href":"https:\/\/mfrnord.info\/wordpress\/wp-json\/wp\/v2\/pages\/329"}],"wp:attachment":[{"href":"https:\/\/mfrnord.info\/wordpress\/wp-json\/wp\/v2\/media?parent=1622"}],"curies":[{"name":"wp","href":"https:\/\/api.w.org\/{rel}","templated":true}]}}