{"id":23,"date":"2015-07-11T15:55:35","date_gmt":"2015-07-11T13:55:35","guid":{"rendered":"http:\/\/mfrnord.info\/wordpress\/?page_id=23"},"modified":"2018-06-09T21:04:03","modified_gmt":"2018-06-09T19:04:03","slug":"datenschutz","status":"publish","type":"page","link":"https:\/\/mfrnord.info\/wordpress\/datenschutz\/","title":{"rendered":"Datenschutz"},"content":{"rendered":"<p><strong>Allgemeines<\/strong><\/p>\n<p>Der Schachkreis Mittelfranken Nord  (im Folgenden Schachkreis Nord) nimmt als Anbieter dieser Webseite und verantwortliche Stelle die Verpflichtung zum Datenschutz sehr ernst und gestaltet seine Webseite so, dass nur so wenige personenbezogene Daten wie n\u00f6tig erhoben, verarbeitet und genutzt werden.<br \/>\nUnter keinen Umst\u00e4nden werden personenbezogene Daten zu Werbezwecken an Dritte vermietet oder verkauft. Ohne die ausdr\u00fcckliche Einwilligung des Besuchers werden keine personenbezogenen Daten f\u00fcr Werbe- oder Marketingzwecke genutzt. <\/p>\n<p>Zugriff auf personenbezogene Daten haben bei den  SF F\u00fcrth nur solche Personen, die diese Daten zur Durchf\u00fchrung ihrer Aufgaben innerhalb des Schachkreis Nord ben\u00f6tigen und die \u00fcber die gesetzlichen Bestimmungen zum Datenschutz informiert sind. Die Verarbeitung der erhobenen personenbezogenen Daten erfolgt nach Art. 6. Abs. 1 DSGVO, jeweils nur in dem Umfang, der f\u00fcr die Durchf\u00fchrung eines Vertragsverh\u00e4ltnisses zwischen dem Schachkreis Nord als verantwortliche Stelle und dem Besucher als Betroffenem erforderlich ist. <\/p>\n<p><strong>Name und Anschrift des f\u00fcr die Verarbeitung Verantwortlichen<\/strong><\/p>\n<p>Siehe Impressum<\/p>\n<p><strong>Zweck\u00e4nderungen der Verarbeitung und Datennutzung<\/strong> <\/p>\n<p>Da sich auf Grund des technischen Fortschritts und organisatorischer \u00c4nderungen die eingesetzten Verarbeitungsverfahren \u00e4ndern\/weiterentwickeln k\u00f6nnen behalten wir uns vor, die vorliegende Datenschutzerkl\u00e4rung gem\u00e4\u00df den neuen technischen Rahmenbedingungen weiterzuentwickeln. Wir bitten Sie deshalb diese Datenschutzerkl\u00e4rung von Zeit zu Zeit zu \u00fcberpr\u00fcfen. Sollten Sie mit den im Verlauf der Zeit auftretenden Weiterentwicklungen nicht einverstanden sein, so k\u00f6nnen Sie schriftlich gem\u00e4\u00df Art. 17 DSGVO, eine L\u00f6schung der Daten, die nicht auf Grundlage anderer gesetzlicher Vorgaben wie handelsrechtlicher oder steuerrechtlicher Aufbewahrungspflichten gespeichert werden, verlangen. <\/p>\n<p><strong>Externe Links<\/strong> <\/p>\n<p>Zu Ihrer Information finden Sie auf unseren Seiten Links, die auf Seiten Dritter verweisen. Soweit dies nicht offensichtlich erkennbar ist, weisen wir Sie darauf hin, dass es sich um einen externen Link handelt. Die verantwortliche Stelle hat keinerlei Einfluss auf den Inhalt und die Gestaltung dieser Seiten anderer Anbieter. Die Garantien dieser Datenschutzerkl\u00e4rung gelten daher f\u00fcr externe Anbieter nicht. <\/p>\n<p><strong>Anonyme Datenerhebung<\/strong> <\/p>\n<p>Sie k\u00f6nnen die Webseiten des Schachkreis Nord grunds\u00e4tzlich besuchen, ohne uns mitzuteilen, wer Sie sind. Wir erfahren nur den Namen Ihres Internet Service Providers, die Webseite, von der aus Sie uns besuchen, Datum und Uhrzeit Ihres Besuchs, die Webseiten, die Sie bei uns besuchen, den Namen und die Version des von Ihnen verwendeten Browsers sowie das von Ihnen benutzte Betriebssystem. Diese Informationen werden zu statistischen Zwecken ausgewertet. Sie bleiben als einzelner Nutzer hierbei anonym. <\/p>\n<p><strong>Weitere Datenerhebungen und -verarbeitungen<\/strong> <\/p>\n<p>Weitere Datenerhebungen und -verarbeitung finden auf der Webseite des Schachkreis Nords nicht statt. Insbesondere werden<\/p>\n<li> keine Cookies gesetzt, weder Sitzungscookies noch permanente Cookies,\n<li> keine weiteren personenbezogenen Daten z. B. \u00fcber Kontaktformulare erfasst,\n<li> keine Daten in Staaten au\u00dferhalb der EU exportiert,\n<li> keine externen Analyseprogramme wie z. B. Google Analytics verwendet,\n<li> keine Plugins zu den sozialen Netzwerken von Facebook, Twitter, Instagram, YouTube, Google o. a. verwendet,\n<li> keine automatisierte Entscheidungsfindung getroffen und\n<li> ein Profiling erstellt.<br \/>\n<br \/>\n<strong>Stand dieser Erkl\u00e4rung:<\/strong> Schachkreis Mfr. Nord, der 24.05.2018<\/p>\n","protected":false},"excerpt":{"rendered":"<p>Allgemeines Der Schachkreis Mittelfranken Nord (im Folgenden Schachkreis Nord) nimmt als Anbieter dieser Webseite und verantwortliche Stelle die Verpflichtung zum Datenschutz sehr ernst und gestaltet seine Webseite so, dass nur so wenige personenbezogene Daten wie n\u00f6tig erhoben, verarbeitet und genutzt &hellip; <a href=\"https:\/\/mfrnord.info\/wordpress\/datenschutz\/\">Weiterlesen <span class=\"meta-nav\">&rarr;<\/span><\/a><\/p>\n","protected":false},"author":11,"featured_media":0,"parent":0,"menu_order":0,"comment_status":"closed","ping_status":"closed","template":"","meta":{"footnotes":""},"class_list":["post-23","page","type-page","status-publish","hentry"],"_links":{"self":[{"href":"https:\/\/mfrnord.info\/wordpress\/wp-json\/wp\/v2\/pages\/23","targetHints":{"allow":["GET"]}}],"collection":[{"href":"https:\/\/mfrnord.info\/wordpress\/wp-json\/wp\/v2\/pages"}],"about":[{"href":"https:\/\/mfrnord.info\/wordpress\/wp-json\/wp\/v2\/types\/page"}],"author":[{"embeddable":true,"href":"https:\/\/mfrnord.info\/wordpress\/wp-json\/wp\/v2\/users\/11"}],"replies":[{"embeddable":true,"href":"https:\/\/mfrnord.info\/wordpress\/wp-json\/wp\/v2\/comments?post=23"}],"version-history":[{"count":12,"href":"https:\/\/mfrnord.info\/wordpress\/wp-json\/wp\/v2\/pages\/23\/revisions"}],"predecessor-version":[{"id":1553,"href":"https:\/\/mfrnord.info\/wordpress\/wp-json\/wp\/v2\/pages\/23\/revisions\/1553"}],"wp:attachment":[{"href":"https:\/\/mfrnord.info\/wordpress\/wp-json\/wp\/v2\/media?parent=23"}],"curies":[{"name":"wp","href":"https:\/\/api.w.org\/{rel}","templated":true}]}}