{"id":269,"date":"2015-07-16T20:51:59","date_gmt":"2015-07-16T18:51:59","guid":{"rendered":"http:\/\/mfrnord.info\/wordpress\/?page_id=269"},"modified":"2015-07-18T22:41:46","modified_gmt":"2015-07-18T20:41:46","slug":"vorstandschaft-20072008","status":"publish","type":"page","link":"https:\/\/mfrnord.info\/wordpress\/vorstandschaft\/vorstandschaft-historie\/vorstandschaft-20072008\/","title":{"rendered":"Vorstandschaft 2007\/2008"},"content":{"rendered":"<p><strong><\/p>\n<div align=\"center\">Vorstandschaft des Schachkreises Mfr. Nord<\/div>\n<p><\/strong><\/p>\n<table border=1 cellspacing=0 cellpadding=0 width=\"100%\" >\n<tr>\n<td valign=top class=\"standard\" width=\"70%\">\n<div align=\"left\">\n<strong>1. Vorsitzender<\/strong><br \/>\n Peter Nickmann<br \/>\n\n<\/div>\n<\/td>\n<td valign=top class=\"standard\" width=\"30%\">\n<div align=\"left\">\n<br \/>\n<a href=\"http:\/\/mfrnord.info\/kreis\/vorstand\/pics\/nickmann.jpg\"><img decoding=\"async\" src=\"http:\/\/mfrnord.info\/kreis\/vorstand\/pics\/nickmann.jpg\" alt=\"Peter Nickmann\" height=\"150\" class=\"alignnone size-thumbnail wp-image-167\" \/><\/a>\n<\/div>\n<\/td>\n<\/tr>\n<\/table>\n<table border=1 cellspacing=0 cellpadding=0 width=\"100%\" >\n<tr>\n<td valign=top class=\"standard\" width=\"70%\">\n<div align=\"left\">\n<strong>2. Vorsitzender<\/strong><br \/>\n J\u00fcrgen Meyer<br \/>\n\n<\/div>\n<\/td>\n<td valign=top class=\"standard\" width=\"30%\">\n<div align=\"left\">\n<br \/>\n<a href=\"http:\/\/mfrnord.info\/kreis\/vorstand\/pics\/meyer.jpg\"><img decoding=\"async\" src=\"http:\/\/mfrnord.info\/kreis\/vorstand\/pics\/meyer.jpg\" alt=\"J\u00fcrgen Meyer\" height=\"150\" class=\"alignnone size-thumbnail wp-image-167\" \/><\/a>\n<\/div>\n<\/td>\n<\/tr>\n<\/table>\n<table border=1 cellspacing=0 cellpadding=0 width=\"100%\" >\n<tr>\n<td valign=top class=\"standard\" width=\"70%\">\n<div align=\"left\">\n<strong>1. Spielleiter<\/strong><br \/>\n J\u00fcrgen Buchta<br \/>\n\n<\/div>\n<\/td>\n<td valign=top class=\"standard\" width=\"30%\">\n<div align=\"left\">\n<br \/>\n<a href=\"http:\/\/mfrnord.info\/kreis\/vorstand\/pics\/buchta_02.jpg\"><img decoding=\"async\" src=\"http:\/\/mfrnord.info\/kreis\/vorstand\/pics\/buchta_02.jpg\" alt=\"J\u00fcrgen Buchta\" height=\"150\" class=\"alignnone size-thumbnail wp-image-167\" \/><\/a>\n<\/div>\n<\/td>\n<\/tr>\n<\/table>\n<table border=1 cellspacing=0 cellpadding=0 width=\"100%\" >\n<tr>\n<td valign=top class=\"standard\" width=\"70%\">\n<div align=\"left\">\n<strong>Spielleiter K1+K4<\/strong><br \/>\n Gerhard Beck<br \/>\n\n<\/div>\n<\/td>\n<td valign=top class=\"standard\" width=\"30%\">\n<div align=\"left\">\n<br \/>\n<a href=\"http:\/\/mfrnord.info\/kreis\/vorstand\/pics\/beck.jpg\"><img decoding=\"async\" src=\"http:\/\/mfrnord.info\/kreis\/vorstand\/pics\/beck.jpg\" alt=\"Gerhard Beck\" height=\"150\" class=\"alignnone size-thumbnail wp-image-167\" \/><\/a>\n<\/div>\n<\/td>\n<\/tr>\n<\/table>\n<table border=1 cellspacing=0 cellpadding=0 width=\"100%\" >\n<tr>\n<td valign=top class=\"standard\" width=\"70%\">\n<div align=\"left\">\n<strong>Spielleiter K2+K3<\/strong><br \/>\n Gerhard Feldmann<br \/>\n\n<\/div>\n<\/td>\n<td valign=top class=\"standard\" width=\"30%\">\n<div align=\"left\">\n<br \/>\n<a href=\"http:\/\/mfrnord.info\/kreis\/vorstand\/pics\/feldmann.jpg\"><img decoding=\"async\" src=\"http:\/\/mfrnord.info\/kreis\/vorstand\/pics\/feldmann.jpg\" alt=\"Gerhard Feldmann\" height=\"150\" class=\"alignnone size-thumbnail wp-image-167\" \/><\/a>\n<\/div>\n<\/td>\n<\/tr>\n<\/table>\n<table border=1 cellspacing=0 cellpadding=0 width=\"100%\" >\n<tr>\n<td valign=top class=\"standard\" width=\"70%\">\n<div align=\"left\">\n<strong>1. Jugendleiter<\/strong><br \/>\n J\u00fcrgen Meyer<br \/>\n\n<\/div>\n<\/td>\n<td valign=top class=\"standard\" width=\"30%\">\n<div align=\"left\">\n<br \/>\n<a href=\"http:\/\/mfrnord.info\/kreis\/vorstand\/pics\/meyer.jpg\"><img decoding=\"async\" src=\"http:\/\/mfrnord.info\/kreis\/vorstand\/pics\/meyer.jpg\" alt=\"J\u00fcrgen Meyer\" height=\"150\" class=\"alignnone size-thumbnail wp-image-167\" \/><\/a>\n<\/div>\n<\/td>\n<\/tr>\n<\/table>\n<table border=1 cellspacing=0 cellpadding=0 width=\"100%\" >\n<tr>\n<td valign=top class=\"standard\" width=\"70%\">\n<div align=\"left\">\n<strong>2. Jugendleiter<\/strong><br \/>\n Maximilian Theiler<br \/>\n\n<\/div>\n<\/td>\n<td valign=top class=\"standard\" width=\"30%\">\n<div align=\"left\">\n<br \/>\n<a href=\"http:\/\/mfrnord.info\/kreis\/vorstand\/pics\/theiler.jpg\"><img decoding=\"async\" src=\"http:\/\/mfrnord.info\/kreis\/vorstand\/pics\/theiler.jpg\" alt=\"Maximilian Theiler\" height=\"150\" class=\"alignnone size-thumbnail wp-image-167\" \/><\/a>\n<\/div>\n<\/td>\n<\/tr>\n<\/table>\n<table border=1 cellspacing=0 cellpadding=0 width=\"100%\" >\n<tr>\n<td valign=top class=\"standard\" width=\"70%\">\n<div align=\"left\">\n<strong>Pressewart<\/strong><br \/>\n Udo G\u00fcldner<br \/>\n\n<\/div>\n<\/td>\n<td valign=top class=\"standard\" width=\"30%\">\n<div align=\"left\">\n<br \/>\n<a href=\"http:\/\/mfrnord.info\/kreis\/vorstand\/pics\/gueldner.jpg\"><img decoding=\"async\" src=\"http:\/\/mfrnord.info\/kreis\/vorstand\/pics\/gueldner.jpg\" alt=\"Udo G\u00fcldner\" height=\"150\" class=\"alignnone size-thumbnail wp-image-167\" \/><\/a>\n<\/div>\n<\/td>\n<\/tr>\n<\/table>\n<table border=1 cellspacing=0 cellpadding=0 width=\"100%\" >\n<tr>\n<td valign=top class=\"standard\" width=\"70%\">\n<div align=\"left\">\n<strong>Werbewart<\/strong><br \/>\n vakant<br \/>\n\n<\/div>\n<\/td>\n<td valign=top class=\"standard\" width=\"30%\">\n<div align=\"left\">\n<br \/>\n<a href=\"http:\/\/mfrnord.info\/kreis\/vorstand\/pics\/unbesetzt.jpg\"><img decoding=\"async\" src=\"http:\/\/mfrnord.info\/kreis\/vorstand\/pics\/unbesetzt.jpg\" alt=\"unbesetzt\" height=\"150\" class=\"alignnone size-thumbnail wp-image-167\" \/><\/a>\n<\/div>\n<\/td>\n<\/tr>\n<\/table>\n<table border=1 cellspacing=0 cellpadding=0 width=\"100%\" >\n<tr>\n<td valign=top class=\"standard\" width=\"70%\">\n<div align=\"left\">\n<strong>Schriftf\u00fchrer<\/strong><br \/>\n Norbert Heupel<br \/>\n\n<\/div>\n<\/td>\n<td valign=top class=\"standard\" width=\"30%\">\n<div align=\"left\">\n<br \/>\n<a href=\"http:\/\/mfrnord.info\/kreis\/vorstand\/pics\/heupel.jpg\"><img decoding=\"async\" src=\"http:\/\/mfrnord.info\/kreis\/vorstand\/pics\/heupel.jpg\" alt=\"Norbert Heupel\" height=\"150\" class=\"alignnone size-thumbnail wp-image-167\" \/><\/a>\n<\/div>\n<\/td>\n<\/tr>\n<\/table>\n<table border=1 cellspacing=0 cellpadding=0 width=\"100%\" >\n<tr>\n<td valign=top class=\"standard\" width=\"70%\">\n<div align=\"left\">\n<strong>1. Moderator<\/strong><br \/>\n G\u00fcnter Niklaus<br \/>\n\n<\/div>\n<\/td>\n<td valign=top class=\"standard\" width=\"30%\">\n<div align=\"left\">\n<br \/>\n<a href=\"http:\/\/mfrnord.info\/kreis\/vorstand\/pics\/niklaus.jpg\"><img decoding=\"async\" src=\"http:\/\/mfrnord.info\/kreis\/vorstand\/pics\/niklaus.jpg\" alt=\"G\u00fcnter Niklaus\" height=\"150\" class=\"alignnone size-thumbnail wp-image-167\" \/><\/a>\n<\/div>\n<\/td>\n<\/tr>\n<\/table>\n<table border=1 cellspacing=0 cellpadding=0 width=\"100%\" >\n<tr>\n<td valign=top class=\"standard\" width=\"70%\">\n<div align=\"left\">\n<strong>2. Moderator<\/strong><br \/>\n Helmut Fett<br \/>\n\n<\/div>\n<\/td>\n<td valign=top class=\"standard\" width=\"30%\">\n<div align=\"left\">\n<br \/>\n<a href=\"http:\/\/mfrnord.info\/kreis\/vorstand\/pics\/fett.jpg\"><img decoding=\"async\" src=\"http:\/\/mfrnord.info\/kreis\/vorstand\/pics\/fett.jpg\" alt=\"Helmut Fett\" height=\"150\" class=\"alignnone size-thumbnail wp-image-167\" \/><\/a>\n<\/div>\n<\/td>\n<\/tr>\n<\/table>\n<table border=1 cellspacing=0 cellpadding=0 width=\"100%\" >\n<tr>\n<td valign=top class=\"standard\" width=\"70%\">\n<div align=\"left\">\n<strong>DWZ-Wart<\/strong><br \/>\n Stefan Zimmer<br \/>\n\n<\/div>\n<\/td>\n<td valign=top class=\"standard\" width=\"30%\">\n<div align=\"left\">\n<br \/>\n<a href=\"http:\/\/mfrnord.info\/kreis\/vorstand\/pics\/zimmer.jpg\"><img decoding=\"async\" src=\"http:\/\/mfrnord.info\/kreis\/vorstand\/pics\/zimmer.jpg\" alt=\"Stefan Zimmer\" height=\"150\" class=\"alignnone size-thumbnail wp-image-167\" \/><\/a>\n<\/div>\n<\/td>\n<\/tr>\n<\/table>\n<table border=1 cellspacing=0 cellpadding=0 width=\"100%\" >\n<tr>\n<td valign=top class=\"standard\" width=\"70%\">\n<div align=\"left\">\n<strong>Kassenwart<\/strong><br \/>\n Klaus Sch\u00f6bel<br \/>\n\n<\/div>\n<\/td>\n<td valign=top class=\"standard\" width=\"30%\">\n<div align=\"left\">\n<br \/>\n<a href=\"http:\/\/mfrnord.info\/kreis\/vorstand\/pics\/schoebel.jpg\"><img decoding=\"async\" src=\"http:\/\/mfrnord.info\/kreis\/vorstand\/pics\/schoebel.jpg\" alt=\"Klaus Sch\u00f6bel\" height=\"150\" class=\"alignnone size-thumbnail wp-image-167\" \/><\/a>\n<\/div>\n<\/td>\n<\/tr>\n<\/table>\n<table border=1 cellspacing=0 cellpadding=0 width=\"100%\" >\n<tr>\n<td valign=top class=\"standard\" width=\"70%\">\n<div align=\"left\">\n<strong>Redakteur Kreiszeitung<\/strong><br \/>\n vakant<br \/>\n\n<\/div>\n<\/td>\n<td valign=top class=\"standard\" width=\"30%\">\n<div align=\"left\">\n<br \/>\n<a href=\"http:\/\/mfrnord.info\/kreis\/vorstand\/pics\/unbesetzt.jpg\"><img decoding=\"async\" src=\"http:\/\/mfrnord.info\/kreis\/vorstand\/pics\/unbesetzt.jpg\" alt=\"unbesetzt\" height=\"150\" class=\"alignnone size-thumbnail wp-image-167\" \/><\/a>\n<\/div>\n<\/td>\n<\/tr>\n<\/table>\n<table border=1 cellspacing=0 cellpadding=0 width=\"100%\" >\n<tr>\n<td valign=top class=\"standard\" width=\"70%\">\n<div align=\"left\">\n<strong>Revisoren<\/strong><br \/>\n Thorsten Albrecht &#038; Horst Habermann<br \/>\n\n<\/div>\n<\/td>\n<td valign=top class=\"standard\" width=\"30%\">\n<div align=\"left\">\n\n<\/div>\n<\/td>\n<\/tr>\n<\/table>\n","protected":false},"excerpt":{"rendered":"<p>Vorstandschaft des Schachkreises Mfr. Nord 1. Vorsitzender Peter Nickmann 2. Vorsitzender J\u00fcrgen Meyer 1. Spielleiter J\u00fcrgen Buchta Spielleiter K1+K4 Gerhard Beck Spielleiter K2+K3 Gerhard Feldmann 1. Jugendleiter J\u00fcrgen Meyer 2. Jugendleiter Maximilian Theiler Pressewart Udo G\u00fcldner Werbewart vakant Schriftf\u00fchrer Norbert &hellip; <a href=\"https:\/\/mfrnord.info\/wordpress\/vorstandschaft\/vorstandschaft-historie\/vorstandschaft-20072008\/\">Weiterlesen <span class=\"meta-nav\">&rarr;<\/span><\/a><\/p>\n","protected":false},"author":11,"featured_media":0,"parent":329,"menu_order":0,"comment_status":"closed","ping_status":"closed","template":"","meta":{"footnotes":""},"class_list":["post-269","page","type-page","status-publish","hentry"],"_links":{"self":[{"href":"https:\/\/mfrnord.info\/wordpress\/wp-json\/wp\/v2\/pages\/269","targetHints":{"allow":["GET"]}}],"collection":[{"href":"https:\/\/mfrnord.info\/wordpress\/wp-json\/wp\/v2\/pages"}],"about":[{"href":"https:\/\/mfrnord.info\/wordpress\/wp-json\/wp\/v2\/types\/page"}],"author":[{"embeddable":true,"href":"https:\/\/mfrnord.info\/wordpress\/wp-json\/wp\/v2\/users\/11"}],"replies":[{"embeddable":true,"href":"https:\/\/mfrnord.info\/wordpress\/wp-json\/wp\/v2\/comments?post=269"}],"version-history":[{"count":4,"href":"https:\/\/mfrnord.info\/wordpress\/wp-json\/wp\/v2\/pages\/269\/revisions"}],"predecessor-version":[{"id":398,"href":"https:\/\/mfrnord.info\/wordpress\/wp-json\/wp\/v2\/pages\/269\/revisions\/398"}],"up":[{"embeddable":true,"href":"https:\/\/mfrnord.info\/wordpress\/wp-json\/wp\/v2\/pages\/329"}],"wp:attachment":[{"href":"https:\/\/mfrnord.info\/wordpress\/wp-json\/wp\/v2\/media?parent=269"}],"curies":[{"name":"wp","href":"https:\/\/api.w.org\/{rel}","templated":true}]}}