{"id":281,"date":"2015-07-16T20:55:24","date_gmt":"2015-07-16T18:55:24","guid":{"rendered":"http:\/\/mfrnord.info\/wordpress\/?page_id=281"},"modified":"2015-07-18T22:36:42","modified_gmt":"2015-07-18T20:36:42","slug":"vorstandschaft-20012002","status":"publish","type":"page","link":"https:\/\/mfrnord.info\/wordpress\/vorstandschaft\/vorstandschaft-historie\/vorstandschaft-20012002\/","title":{"rendered":"Vorstandschaft 2001\/2002"},"content":{"rendered":"<p><strong><\/p>\n<div align=\"center\">Vorstandschaft des Schachkreises Mfr. Nord<\/div>\n<p><\/strong><\/p>\n<table border=1 cellspacing=0 cellpadding=0 width=\"100%\" >\n<tr>\n<td valign=top class=\"standard\" width=\"70%\">\n<div align=\"left\">\n<strong>1. Vorsitzender<\/strong><br \/>\n Peter Nickmann<br \/>\n\n<\/div>\n<\/td>\n<td valign=top class=\"standard\" width=\"30%\">\n<div align=\"left\">\n<br \/>\n<a href=\"http:\/\/mfrnord.info\/kreis\/vorstand\/pics\/nickmann.jpg\"><img decoding=\"async\" src=\"http:\/\/mfrnord.info\/kreis\/vorstand\/pics\/nickmann.jpg\" alt=\"Peter Nickmann\" height=\"150\" class=\"alignnone size-thumbnail wp-image-167\" \/><\/a>\n<\/div>\n<\/td>\n<\/tr>\n<\/table>\n<table border=1 cellspacing=0 cellpadding=0 width=\"100%\" >\n<tr>\n<td valign=top class=\"standard\" width=\"70%\">\n<div align=\"left\">\n<strong>2. Vorsitzender<\/strong><br \/>\n Heinz Kuhmann<br \/>\n\n<\/div>\n<\/td>\n<td valign=top class=\"standard\" width=\"30%\">\n<div align=\"left\">\n<br \/>\n<a href=\"http:\/\/mfrnord.info\/kreis\/vorstand\/pics\/kuhmann_h.jpg\"><img decoding=\"async\" src=\"http:\/\/mfrnord.info\/kreis\/vorstand\/pics\/kuhmann_h.jpg\" alt=\"Heinz Kuhmann\" height=\"150\" class=\"alignnone size-thumbnail wp-image-167\" \/><\/a>\n<\/div>\n<\/td>\n<\/tr>\n<\/table>\n<table border=1 cellspacing=0 cellpadding=0 width=\"100%\" >\n<tr>\n<td valign=top class=\"standard\" width=\"70%\">\n<div align=\"left\">\n<strong>1. Spielleiter<\/strong><br \/>\n Klaus Pokorny<br \/>\n\n<\/div>\n<\/td>\n<td valign=top class=\"standard\" width=\"30%\">\n<div align=\"left\">\n<br \/>\n<a href=\"http:\/\/mfrnord.info\/kreis\/vorstand\/pics\/pokorny.jpg\"><img decoding=\"async\" src=\"http:\/\/mfrnord.info\/kreis\/vorstand\/pics\/pokorny.jpg\" alt=\"Klaus Pokorny\" height=\"150\" class=\"alignnone size-thumbnail wp-image-167\" \/><\/a>\n<\/div>\n<\/td>\n<\/tr>\n<\/table>\n<table border=1 cellspacing=0 cellpadding=0 width=\"100%\" >\n<tr>\n<td valign=top class=\"standard\" width=\"70%\">\n<div align=\"left\">\n<strong>Spielleiter K1+K4<\/strong><br \/>\n Gerhard Beck<br \/>\n\n<\/div>\n<\/td>\n<td valign=top class=\"standard\" width=\"30%\">\n<div align=\"left\">\n<br \/>\n<a href=\"http:\/\/mfrnord.info\/kreis\/vorstand\/pics\/beck.jpg\"><img decoding=\"async\" src=\"http:\/\/mfrnord.info\/kreis\/vorstand\/pics\/beck.jpg\" alt=\"Gerhard Beck\" height=\"150\" class=\"alignnone size-thumbnail wp-image-167\" \/><\/a>\n<\/div>\n<\/td>\n<\/tr>\n<\/table>\n<table border=1 cellspacing=0 cellpadding=0 width=\"100%\" >\n<tr>\n<td valign=top class=\"standard\" width=\"70%\">\n<div align=\"left\">\n<strong>Spielleiter K2+K3<\/strong><br \/>\n J\u00fcrgen Buchta<br \/>\n\n<\/div>\n<\/td>\n<td valign=top class=\"standard\" width=\"30%\">\n<div align=\"left\">\n<br \/>\n<a href=\"http:\/\/mfrnord.info\/kreis\/vorstand\/pics\/buchta.jpg\"><img decoding=\"async\" src=\"http:\/\/mfrnord.info\/kreis\/vorstand\/pics\/buchta.jpg\" alt=\"J\u00fcrgen Buchta\" height=\"150\" class=\"alignnone size-thumbnail wp-image-167\" \/><\/a>\n<\/div>\n<\/td>\n<\/tr>\n<\/table>\n<table border=1 cellspacing=0 cellpadding=0 width=\"100%\" >\n<tr>\n<td valign=top class=\"standard\" width=\"70%\">\n<div align=\"left\">\n<strong>1. Jugendleiter<\/strong><br \/>\n Ulrich Hiemer<br \/>\n\n<\/div>\n<\/td>\n<td valign=top class=\"standard\" width=\"30%\">\n<div align=\"left\">\n<br \/>\n<a href=\"http:\/\/mfrnord.info\/kreis\/vorstand\/pics\/hiemer.jpg\"><img decoding=\"async\" src=\"http:\/\/mfrnord.info\/kreis\/vorstand\/pics\/hiemer.jpg\" alt=\"Ulrich Hiemer\" height=\"150\" class=\"alignnone size-thumbnail wp-image-167\" \/><\/a>\n<\/div>\n<\/td>\n<\/tr>\n<\/table>\n<table border=1 cellspacing=0 cellpadding=0 width=\"100%\" >\n<tr>\n<td valign=top class=\"standard\" width=\"70%\">\n<div align=\"left\">\n<strong>2. Jugendleiter<\/strong><br \/>\n Alexander Schimmer<br \/>\n\n<\/div>\n<\/td>\n<td valign=top class=\"standard\" width=\"30%\">\n<div align=\"left\">\n<\/p>\n<\/div>\n<\/td>\n<\/tr>\n<\/table>\n<table border=1 cellspacing=0 cellpadding=0 width=\"100%\" >\n<tr>\n<td valign=top class=\"standard\" width=\"70%\">\n<div align=\"left\">\n<strong>Pressewart<\/strong><br \/>\n Udo G\u00fcldner<br \/>\n\n<\/div>\n<\/td>\n<td valign=top class=\"standard\" width=\"30%\">\n<div align=\"left\">\n<br \/>\n<a href=\"http:\/\/mfrnord.info\/kreis\/vorstand\/pics\/gueldner.jpg\"><img decoding=\"async\" src=\"http:\/\/mfrnord.info\/kreis\/vorstand\/pics\/gueldner.jpg\" alt=\"Udo G\u00fcldner\" height=\"150\" class=\"alignnone size-thumbnail wp-image-167\" \/><\/a>\n<\/div>\n<\/td>\n<\/tr>\n<\/table>\n<table border=1 cellspacing=0 cellpadding=0 width=\"100%\" >\n<tr>\n<td valign=top class=\"standard\" width=\"70%\">\n<div align=\"left\">\n<strong>Werbewart<\/strong><br \/>\n G\u00fcnter Niklaus<br \/>\n\n<\/div>\n<\/td>\n<td valign=top class=\"standard\" width=\"30%\">\n<div align=\"left\">\n<br \/>\n<a href=\"http:\/\/mfrnord.info\/kreis\/vorstand\/pics\/niklaus.jpg\"><img decoding=\"async\" src=\"http:\/\/mfrnord.info\/kreis\/vorstand\/pics\/niklaus.jpg\" alt=\"G\u00fcnter Niklaus\" height=\"150\" class=\"alignnone size-thumbnail wp-image-167\" \/><\/a>\n<\/div>\n<\/td>\n<\/tr>\n<\/table>\n<table border=1 cellspacing=0 cellpadding=0 width=\"100%\" >\n<tr>\n<td valign=top class=\"standard\" width=\"70%\">\n<div align=\"left\">\n<strong>Schriftf\u00fchrer<\/strong><br \/>\n Udo G\u00fcldner<br \/>\n\n<\/div>\n<\/td>\n<td valign=top class=\"standard\" width=\"30%\">\n<div align=\"left\">\n<br \/>\n<a href=\"http:\/\/mfrnord.info\/kreis\/vorstand\/pics\/gueldner.jpg\"><img decoding=\"async\" src=\"http:\/\/mfrnord.info\/kreis\/vorstand\/pics\/gueldner.jpg\" alt=\"Udo G\u00fcldner\" height=\"150\" class=\"alignnone size-thumbnail wp-image-167\" \/><\/a>\n<\/div>\n<\/td>\n<\/tr>\n<\/table>\n<table border=1 cellspacing=0 cellpadding=0 width=\"100%\" >\n<tr>\n<td valign=top class=\"standard\" width=\"70%\">\n<div align=\"left\">\n<strong>1. Moderator<\/strong><br \/>\n G\u00fcnter Niklaus<br \/>\n\n<\/div>\n<\/td>\n<td valign=top class=\"standard\" width=\"30%\">\n<div align=\"left\">\n<br \/>\n<a href=\"http:\/\/mfrnord.info\/kreis\/vorstand\/pics\/niklaus.jpg\"><img decoding=\"async\" src=\"http:\/\/mfrnord.info\/kreis\/vorstand\/pics\/niklaus.jpg\" alt=\"G\u00fcnter Niklaus\" height=\"150\" class=\"alignnone size-thumbnail wp-image-167\" \/><\/a>\n<\/div>\n<\/td>\n<\/tr>\n<\/table>\n<table border=1 cellspacing=0 cellpadding=0 width=\"100%\" >\n<tr>\n<td valign=top class=\"standard\" width=\"70%\">\n<div align=\"left\">\n<strong>2. Moderator<\/strong><br \/>\n Norbert Gl\u00e4sel<br \/>\n\n<\/div>\n<\/td>\n<td valign=top class=\"standard\" width=\"30%\">\n<div align=\"left\">\n<br \/>\n<a href=\"http:\/\/mfrnord.info\/kreis\/vorstand\/pics\/glaesel.jpg\"><img decoding=\"async\" src=\"http:\/\/mfrnord.info\/kreis\/vorstand\/pics\/glaesel.jpg\" alt=\"Norbert Gl\u00e4sel\" height=\"150\" class=\"alignnone size-thumbnail wp-image-167\" \/><\/a>\n<\/div>\n<\/td>\n<\/tr>\n<\/table>\n<table border=1 cellspacing=0 cellpadding=0 width=\"100%\" >\n<tr>\n<td valign=top class=\"standard\" width=\"70%\">\n<div align=\"left\">\n<strong>DWZ-Wart<\/strong><br \/>\n Stefan Zimmer<br \/>\n\n<\/div>\n<\/td>\n<td valign=top class=\"standard\" width=\"30%\">\n<div align=\"left\">\n<br \/>\n<a href=\"http:\/\/mfrnord.info\/kreis\/vorstand\/pics\/zimmer.jpg\"><img decoding=\"async\" src=\"http:\/\/mfrnord.info\/kreis\/vorstand\/pics\/zimmer.jpg\" alt=\"Stefan Zimmer\" height=\"150\" class=\"alignnone size-thumbnail wp-image-167\" \/><\/a>\n<\/div>\n<\/td>\n<\/tr>\n<\/table>\n<table border=1 cellspacing=0 cellpadding=0 width=\"100%\" >\n<tr>\n<td valign=top class=\"standard\" width=\"70%\">\n<div align=\"left\">\n<strong>Kassenwart<\/strong><br \/>\n Joaschim Lehfeld<br \/>\n\n<\/div>\n<\/td>\n<td valign=top class=\"standard\" width=\"30%\">\n<div align=\"left\">\n<br \/>\n<a href=\"http:\/\/mfrnord.info\/kreis\/vorstand\/pics\/lehfeld.jpg\"><img decoding=\"async\" src=\"http:\/\/mfrnord.info\/kreis\/vorstand\/pics\/lehfeld.jpg\" alt=\"Klaus Sch\u00f6bel\" height=\"150\" class=\"alignnone size-thumbnail wp-image-167\" \/><\/a>\n<\/div>\n<\/td>\n<\/tr>\n<\/table>\n<table border=1 cellspacing=0 cellpadding=0 width=\"100%\" >\n<tr>\n<td valign=top class=\"standard\" width=\"70%\">\n<div align=\"left\">\n<strong>Redakteur Kreiszeitung<\/strong><br \/>\n vakant<br \/>\n\n<\/div>\n<\/td>\n<td valign=top class=\"standard\" width=\"30%\">\n<div align=\"left\">\n<br \/>\n<a href=\"http:\/\/mfrnord.info\/kreis\/vorstand\/pics\/unbesetzt.jpg\"><img decoding=\"async\" src=\"http:\/\/mfrnord.info\/kreis\/vorstand\/pics\/unbesetzt.jpg\" alt=\"unbesetzt\" height=\"150\" class=\"alignnone size-thumbnail wp-image-167\" \/><\/a>\n<\/div>\n<\/td>\n<\/tr>\n<\/table>\n<table border=1 cellspacing=0 cellpadding=0 width=\"100%\" >\n<tr>\n<td valign=top class=\"standard\" width=\"70%\">\n<div align=\"left\">\n<strong>Revisoren<\/strong><br \/>\n Peter Reincke &#038; Horst Habermann<br \/>\n\n<\/div>\n<\/td>\n<td valign=top class=\"standard\" width=\"30%\">\n<div align=\"left\">\n\n<\/div>\n<\/td>\n<\/tr>\n<\/table>\n","protected":false},"excerpt":{"rendered":"<p>Vorstandschaft des Schachkreises Mfr. Nord 1. Vorsitzender Peter Nickmann 2. Vorsitzender Heinz Kuhmann 1. Spielleiter Klaus Pokorny Spielleiter K1+K4 Gerhard Beck Spielleiter K2+K3 J\u00fcrgen Buchta 1. Jugendleiter Ulrich Hiemer 2. Jugendleiter Alexander Schimmer Pressewart Udo G\u00fcldner Werbewart G\u00fcnter Niklaus Schriftf\u00fchrer &hellip; <a href=\"https:\/\/mfrnord.info\/wordpress\/vorstandschaft\/vorstandschaft-historie\/vorstandschaft-20012002\/\">Weiterlesen <span class=\"meta-nav\">&rarr;<\/span><\/a><\/p>\n","protected":false},"author":11,"featured_media":0,"parent":329,"menu_order":0,"comment_status":"closed","ping_status":"closed","template":"","meta":{"footnotes":""},"class_list":["post-281","page","type-page","status-publish","hentry"],"_links":{"self":[{"href":"https:\/\/mfrnord.info\/wordpress\/wp-json\/wp\/v2\/pages\/281","targetHints":{"allow":["GET"]}}],"collection":[{"href":"https:\/\/mfrnord.info\/wordpress\/wp-json\/wp\/v2\/pages"}],"about":[{"href":"https:\/\/mfrnord.info\/wordpress\/wp-json\/wp\/v2\/types\/page"}],"author":[{"embeddable":true,"href":"https:\/\/mfrnord.info\/wordpress\/wp-json\/wp\/v2\/users\/11"}],"replies":[{"embeddable":true,"href":"https:\/\/mfrnord.info\/wordpress\/wp-json\/wp\/v2\/comments?post=281"}],"version-history":[{"count":7,"href":"https:\/\/mfrnord.info\/wordpress\/wp-json\/wp\/v2\/pages\/281\/revisions"}],"predecessor-version":[{"id":392,"href":"https:\/\/mfrnord.info\/wordpress\/wp-json\/wp\/v2\/pages\/281\/revisions\/392"}],"up":[{"embeddable":true,"href":"https:\/\/mfrnord.info\/wordpress\/wp-json\/wp\/v2\/pages\/329"}],"wp:attachment":[{"href":"https:\/\/mfrnord.info\/wordpress\/wp-json\/wp\/v2\/media?parent=281"}],"curies":[{"name":"wp","href":"https:\/\/api.w.org\/{rel}","templated":true}]}}