{"id":32,"date":"2018-07-11T22:08:23","date_gmt":"2018-07-11T20:08:23","guid":{"rendered":"http:\/\/mfrnord.info\/wordpress\/?page_id=32"},"modified":"2022-11-22T16:39:25","modified_gmt":"2022-11-22T15:39:25","slug":"jugend","status":"publish","type":"page","link":"https:\/\/mfrnord.info\/wordpress\/jugend\/","title":{"rendered":"Jugend"},"content":{"rendered":"\n<p>22.11.2022: Diese Seite wird nicht mehr gepflegt. \u00dcbers Men\u00fc kann sie nicht mehr aufgerufen werden, nur \u00fcber den direkten Link. Diese Seite enthielt fr\u00fcher jeweils die Daten der aktuellen Saison. NEU: Die Seite f\u00fcr die aktuelle Saison wird gleich am Anfang der Saison erstellt und im Hauptmen\u00fc direkt verlinkt.<\/p>\n\n\n<div align=\"center\">Jugend des Schachkreises Mfr. Nord<\/div>\n<table width=\"100%\" cellspacing=\"0\" cellpadding=\"0\" border=\"1\">\n<tbody>\n<tr>\n<td class=\"standard\" width=\"50%\" valign=\"top\">\n<div align=\"center\"><a href=\"https:\/\/mfrnord.info\/kreis\/2019_2020\/info\/terminplan_kreisligen.pdf\" target=\"_blank\" rel=\"noopener noreferrer\">Terminplan (Stand 01.09.2019) (pdf)<\/a><\/div>\n<\/td>\n<td class=\"standard\" width=\"50%\" valign=\"top\">\n<div align=\"center\"><a href=\"https:\/\/mfrnord.info\/kreis\/2019_2020\/info\/a_tur10.pdf\" target=\"_blank\" rel=\"noopener noreferrer\">Ausschreibung (pdf)<\/a><\/div>\n<\/td>\n<\/tr>\n<\/tbody>\n<\/table>\n<table width=\"100%\" cellspacing=\"0\" cellpadding=\"0\" border=\"1\">\n<tbody>\n<tr>\n<td class=\"standard\" width=\"50%\" valign=\"top\">\n<div align=\"left\">DWZ-Auswertung<\/div>\n<\/td>\n<\/tr>\n<\/tbody>\n<\/table>\n<table width=\"100%\" cellspacing=\"0\" cellpadding=\"0\" border=\"1\">\n<tbody>\n<tr>\n<td class=\"standard\" width=\"30%\" valign=\"top\">\n<ul>\n<li>Jugend-Kreisliga 1<\/li>\n<\/ul>\n<\/td>\n<td class=\"standard\" width=\"20%\" valign=\"top\">\n<div align=\"left\"><a href=\"http:\/\/www.ligamanager.schachbund-bayern.de\/mfr-nord\/ergebnisse\/spielplan.htm?ligaId=1732\" target=\"_blank\" rel=\"noopener noreferrer\">Ligamanager<\/a><\/div>\n<\/td>\n<\/tr>\n<\/tbody>\n<\/table>\n<table width=\"100%\" cellspacing=\"0\" cellpadding=\"0\" border=\"1\">\n<tbody>\n<tr>\n<td class=\"standard\" width=\"30%\" valign=\"top\">\n<ul>\n<li>Jugend-Kreisliga 2<\/li>\n<\/ul>\n<\/td>\n<td class=\"standard\" width=\"20%\" valign=\"top\">\n<div align=\"left\"><a href=\"http:\/\/www.ligamanager.schachbund-bayern.de\/mfr-nord\/ergebnisse\/spielplan.htm?ligaId=1734\" target=\"_blank\" rel=\"noopener noreferrer\">Ligamanager<\/a><\/div>\n<\/td>\n<\/tr>\n<\/tbody>\n<\/table>\n<table width=\"100%\" cellspacing=\"0\" cellpadding=\"0\" border=\"1\">\n<tbody>\n<tr>\n<td class=\"standard\" width=\"30%\" valign=\"top\">\n<ul>\n<li>Jugend-Kreisliga 3<\/li>\n<\/ul>\n<\/td>\n<td class=\"standard\" width=\"20%\" valign=\"top\">\n<div align=\"left\"><a href=\"http:\/\/www.ligamanager.schachbund-bayern.de\/mfr-nord\/ergebnisse\/spielplan.htm?ligaId=1736\" target=\"_blank\" rel=\"noopener noreferrer\">Ligamanager<\/a><\/div>\n<\/td>\n<\/tr>\n<\/tbody>\n<\/table>\n<table width=\"100%\" cellspacing=\"0\" cellpadding=\"0\" border=\"1\">\n<tbody>\n<tr>\n<td class=\"standard\" width=\"40%\" valign=\"top\">\n<ul>\n<li>Jugend-Kreiseinzelmeisterschaft<\/li>\n<\/ul>\n<\/td>\n<td class=\"standard\" width=\"20%\" valign=\"top\">\n<div align=\"left\"><a target=\"_blank\" rel=\"noopener noreferrer\">Ausschreibung<\/a><br>\n<a>Teilnehmer<\/a><\/div>\n<div align=\"left\"><a>Bericht<\/a><\/div>\n<\/td>\n<td class=\"standard\" width=\"40%\" valign=\"top\">\n<div align=\"left\"><a href=\"https:\/\/mfrnord.info\/wordpress\/wp-content\/uploads\/2019\/11\/U10-Fort-R7.html\">Ergebnisse &#8211; U10<\/a><br>\n<a>Ergebnisse &#8211; U12<\/a><br>\n<a>Ergebnisse &#8211; U14<\/a><br>\n<a>Ergebnisse &#8211; U16<\/a><\/div>\n<\/td>\n<\/tr>\n<\/tbody>\n<\/table>","protected":false},"excerpt":{"rendered":"<p>22.11.2022: Diese Seite wird nicht mehr gepflegt. \u00dcbers Men\u00fc kann sie nicht mehr aufgerufen werden, nur \u00fcber den direkten Link. Diese Seite enthielt fr\u00fcher jeweils die Daten der aktuellen Saison. NEU: Die Seite f\u00fcr die aktuelle Saison wird gleich am &hellip; <a href=\"https:\/\/mfrnord.info\/wordpress\/jugend\/\">Weiterlesen <span class=\"meta-nav\">&rarr;<\/span><\/a><\/p>\n","protected":false},"author":11,"featured_media":0,"parent":0,"menu_order":0,"comment_status":"closed","ping_status":"closed","template":"","meta":{"footnotes":""},"class_list":["post-32","page","type-page","status-publish","hentry"],"_links":{"self":[{"href":"https:\/\/mfrnord.info\/wordpress\/wp-json\/wp\/v2\/pages\/32","targetHints":{"allow":["GET"]}}],"collection":[{"href":"https:\/\/mfrnord.info\/wordpress\/wp-json\/wp\/v2\/pages"}],"about":[{"href":"https:\/\/mfrnord.info\/wordpress\/wp-json\/wp\/v2\/types\/page"}],"author":[{"embeddable":true,"href":"https:\/\/mfrnord.info\/wordpress\/wp-json\/wp\/v2\/users\/11"}],"replies":[{"embeddable":true,"href":"https:\/\/mfrnord.info\/wordpress\/wp-json\/wp\/v2\/comments?post=32"}],"version-history":[{"count":59,"href":"https:\/\/mfrnord.info\/wordpress\/wp-json\/wp\/v2\/pages\/32\/revisions"}],"predecessor-version":[{"id":2672,"href":"https:\/\/mfrnord.info\/wordpress\/wp-json\/wp\/v2\/pages\/32\/revisions\/2672"}],"wp:attachment":[{"href":"https:\/\/mfrnord.info\/wordpress\/wp-json\/wp\/v2\/media?parent=32"}],"curies":[{"name":"wp","href":"https:\/\/api.w.org\/{rel}","templated":true}]}}