{"id":3404,"date":"2026-04-13T16:33:28","date_gmt":"2026-04-13T14:33:28","guid":{"rendered":"https:\/\/mfrnord.info\/wordpress\/?page_id=3404"},"modified":"2026-04-14T15:42:58","modified_gmt":"2026-04-14T13:42:58","slug":"newsletter-anmeldung","status":"publish","type":"page","link":"https:\/\/mfrnord.info\/wordpress\/newsletter-anmeldung\/","title":{"rendered":"Newsletter-Anmeldung"},"content":{"rendered":"\n<p>Auf dieser Seite k\u00f6nnen Sie sich zu unserem Newsletter anmelden. Dann bekommen Sie automatisch eine E-Mail, wenn ein neuer Beitrag auf dieser Webseite ver\u00f6ffentlicht wurde. Auch Interessenten, die nicht unserem Schachkreis angeh\u00f6ren, d\u00fcrfen sich gerne registrieren.<\/p>\n\n\n\n<p>(Solange kein neuer Beitrag eingestellt wird oder wenn ein bestehender Beitrag ge\u00e4ndert wird, erhalten Sie <strong>keine <\/strong>E-Mail.)<\/p>\n\n\n\n<p><\/p>\n\n\n\n<p><strong>Datenschutz<\/strong>: Die E-Mail-Adressen werden direkt von dieser Webseite verwaltet, die bei Strato gehostet ist, das alle Daten nur auf deutschen Servern speichert. Eine Weitergabe an andere erfolgt nicht.  Der Versand erfolgt mit einer Adresse @mfrnord.info.<\/p>\n\n\n\n<p>Jeder Newsletter enth\u00e4lt unten eine Werbung von MailPoet, da wir dieses Tool in der kostenlosen Variante benutzen.<\/p>\n\n\n\n<p class=\"has-text-color has-link-color wp-elements-507ea68d4076d4d9e912c45fd682ac44\" style=\"color:#ff0101\">ACHTUNG: Wir verwenden Double-Opt-In. Nach dem Absenden erhalten Sie eine E-Mail, in der Sie den Best\u00e4tigungsbutton anklicken m\u00fcssen, um Ihre Adresse freizuschalten. Pr\u00fcfen Sie ggf. Ihren Spam-Ordner und f\u00fcgen Sie die Domain mfrnord.info zur Liste der Absender hinzu, denen Sie vertrauen.<\/p>\n\n\n\n<p><\/p>\n","protected":false},"excerpt":{"rendered":"<p>Auf dieser Seite k\u00f6nnen Sie sich zu unserem Newsletter anmelden. Dann bekommen Sie automatisch eine E-Mail, wenn ein neuer Beitrag auf dieser Webseite ver\u00f6ffentlicht wurde. Auch Interessenten, die nicht unserem Schachkreis angeh\u00f6ren, d\u00fcrfen sich gerne registrieren. (Solange kein neuer Beitrag &hellip; <a href=\"https:\/\/mfrnord.info\/wordpress\/newsletter-anmeldung\/\">Weiterlesen <span class=\"meta-nav\">&rarr;<\/span><\/a><\/p>\n","protected":false},"author":12,"featured_media":0,"parent":0,"menu_order":0,"comment_status":"closed","ping_status":"closed","template":"","meta":{"footnotes":""},"class_list":["post-3404","page","type-page","status-publish","hentry"],"_links":{"self":[{"href":"https:\/\/mfrnord.info\/wordpress\/wp-json\/wp\/v2\/pages\/3404","targetHints":{"allow":["GET"]}}],"collection":[{"href":"https:\/\/mfrnord.info\/wordpress\/wp-json\/wp\/v2\/pages"}],"about":[{"href":"https:\/\/mfrnord.info\/wordpress\/wp-json\/wp\/v2\/types\/page"}],"author":[{"embeddable":true,"href":"https:\/\/mfrnord.info\/wordpress\/wp-json\/wp\/v2\/users\/12"}],"replies":[{"embeddable":true,"href":"https:\/\/mfrnord.info\/wordpress\/wp-json\/wp\/v2\/comments?post=3404"}],"version-history":[{"count":11,"href":"https:\/\/mfrnord.info\/wordpress\/wp-json\/wp\/v2\/pages\/3404\/revisions"}],"predecessor-version":[{"id":3434,"href":"https:\/\/mfrnord.info\/wordpress\/wp-json\/wp\/v2\/pages\/3404\/revisions\/3434"}],"wp:attachment":[{"href":"https:\/\/mfrnord.info\/wordpress\/wp-json\/wp\/v2\/media?parent=3404"}],"curies":[{"name":"wp","href":"https:\/\/api.w.org\/{rel}","templated":true}]}}