{"id":47,"date":"2015-07-11T23:21:06","date_gmt":"2015-07-11T21:21:06","guid":{"rendered":"http:\/\/mfrnord.info\/wordpress\/?page_id=47"},"modified":"2024-11-04T09:45:53","modified_gmt":"2024-11-04T08:45:53","slug":"vereine","status":"publish","type":"page","link":"https:\/\/mfrnord.info\/wordpress\/vereine\/","title":{"rendered":"Vereine"},"content":{"rendered":"<\/p>\n<div align=\"center\"><strong>Vereine des Schachkreises Mfr. Nord<\/strong><\/div>\n<\/p>\n<p>Die Links in der 1. Spalte verweisen auf die Vereins-Homepage. Die Eintr\u00e4ge sind nach den Namen der Orte sortiert.<\/p>\n\n\n<div class=\"wp-block-columns is-layout-flex wp-container-core-columns-is-layout-9d6595d7 wp-block-columns-is-layout-flex\">\n<div class=\"wp-block-column is-layout-flow wp-block-column-is-layout-flow\" style=\"flex-basis:100%\">\n<figure class=\"wp-block-table is-style-stripes\"><table><thead><tr><th>Verein<\/th><th>Spiellokal<\/th><th>Spielabende<br>(Uhrzeit)<\/th><th>Jugend-<br>Training<\/th><\/tr><\/thead><tbody><tr><td><a href=\"https:\/\/sv-bubenreuth.de\/index.php\/schach-svbub\">SV Bubenreuth \/ SAbt.<\/a> <br>(DSB: 21214)<\/td><td>Sportheim Zum Franken <br>Frankenstr. 43<br>91088 Bubenreuth <br>Tel: 09131\/21463<\/td><td>Di 19:30<\/td><td>Jugend:<br>Di u. Mi 18:00 <\/td><\/tr><tr><td><a href=\"http:\/\/www.schach-fs.de\/\">TSV Ebermannstadt\/SAbt. <\/a><br>(DSB: 21219)<\/td><td>Sportheim Kirchehrenbach Sportplatzstr. 9<br>91356 Kirchehrenbach<br>Tel: 09190\/94508<\/td><td>Fr 20:00<\/td><td>Jugend:<br>Fr 18:00<\/td><\/tr><tr><td><a href=\"http:\/\/www.sg-eckental.de\/\">SGem Eckental <\/a><br>(DSB: 21216)<\/td><td>Brander Schloss<br>Brander Hauptstra\u00dfe 12 <br>90542 Eckental \/ Brand<\/td><td>Fr 19:00<\/td><td>Jugend:<br>17:00<\/td><\/tr><tr><td><a href=\"https:\/\/www.sc-eggerbachtal.de\/\">Schachclub Eggerbachtal<\/a> (DSB: 21235)<br><a href=\"https:\/\/www.sc-eggerbachtal.de\/index.php\/component\/contact\/contact\/1-georg-petersammer?catid=15&amp;Itemid=101\">Kontakt<\/a><\/td><td>Grund-\/Mittelschule Eggolsheim <br>Schulstr. 4<br>91330 Eggolsheim<\/td><td>Fr 19:00<\/td><td>Jugend:<br>Fr 16:30  (Anf.) <br>Fr 17:45 (Fortg.)<\/td><\/tr><tr><td><a href=\"http:\/\/www.web14.s70.goserver.host\/\">BSG W\u00f6hrlhaus Erlangen<\/a> <br>(DSB: 21222)<\/td><td>Egidienhaus 1. OG <br>Eltersdorfer Str. 32 <br>91058 Erlangen<\/td><td>Mi 19:30<\/td><td>Jugend:<br>Mi 18:30<\/td><\/tr><tr><td><a href=\"http:\/\/www.schachclub-erlangen.de\/\">SC Erlangen 48\/88<\/a> <br>(DSB: 21233)<\/td><td>Jahnhalle des TV 1. OG<br>Jahnstra\u00dfe 8<br>91054 Erlangen<br><br>Sportheim des TB<br>Spardorfer Str. 79<br>91054 Erlangen<\/td><td>Mi 19:30<br><br><br><br>Fr 19:00<\/td><td>Jugend:<br>Mi 18:00<br><br><br><br>Jugend:<br>Fr 17:00<\/td><\/tr><tr><td><a href=\"https:\/\/www.schachclub-forchheim.de\/\">SC Forchheim<\/a> <br>(DSB: 21202)<\/td><td>Haus des Handwerks <br>Sch\u00fctzenstr. 26<br>91301 Forchheim<\/td><td>Fr 19:30<\/td><td>Jugend:<br>Fr 17:00<\/td><\/tr><tr><td><a href=\"http:\/\/sg1882fuerth.de\">SGem 1882 F\u00fcrth<\/a><br>(DSB: 21205)<\/td><td>Pfarrzentrum St. Heinrich <br>Sonnenstr. 21<br>90763 F\u00fcrth<\/td><td>Fr 19:00<\/td><td>Jugend:<br>Fr 17:00<\/td><\/tr><tr><td><a href=\"http:\/\/www.schachfreunde-fuerth.de\/\">SF F\u00fcrth 1951<\/a><br>(DSB: 21206)<\/td><td>Raum der Arbeiterwohlfahrt Komotauer Str. 30<br>90766 F\u00fcrth<br>Tel: 0911\/757181<\/td><td>Fr 19:00<\/td><td>Jugend:<br>Fr 18:00<\/td><\/tr><tr><td><a href=\"https:\/\/sc-graefenberg.de\/\">SC Gr\u00e4fenberg<\/a><br>(DSB: 21237)<\/td><td>B\u00fcrgerhaus Gr\u00e4fenberg<br>Am Gesteiger 8<br>91322 Gr\u00e4fenberg<br>Tel: 09192 3499392<\/td><td>Mo 18:30<\/td><td>Jugend:<br>Mo 17:00<\/td><\/tr><tr><td><a href=\"http:\/\/www.schachzweig.de\/\">FSV Gro\u00dfenseebach \/ SAbt. <\/a><br>(DSB: 21224)<\/td><td>Gemeindezentrum<br>Am Hirtenberg 1<br>91091 Gro\u00dfenseebach<br>Tel: 09135\/8615<\/td><td>Fr 19:30<\/td><td>Jugend:<br>Fr 17:30<\/td><\/tr><tr><td><a href=\"http:\/\/sk1911herzogenaurach.de\/wordpress\/\">SK 1911 Herzogenaurach<\/a><br>(DSB: 21207)<\/td><td>Fotoklub Herzogenaurach Langenzenner Str. 1 B<br>91074 Herzogenaurach<\/td><td>Fr 19:30<\/td><td>Jugend:<br>Fr 18:00<\/td><\/tr><tr><td><a href=\"http:\/\/www.tsv-kirchehrenbach.de\/\">TSV Kirchehrenbach \/ SAbt. <\/a><br>(DSB: 21213)<\/td><td>Sportheim Kirchehrenbach Sportplatzstr. 9<br>91356 Kirchehrenbach<br>Tel: 09190\/94508<\/td><td>Fr 20:00<\/td><td>Jugend:<br>Fr 18:00<\/td><\/tr><tr><td>SK 1948 Langenzenn<\/td><td>Evangelische Gemeinschaft Wilhermsdorf<br>Bergstra\u00dfe 13<br>91452 Wilhermsdorf<\/td><td>Fr 19:30<\/td><td>Jugend:<br>Fr 19:00<\/td><\/tr><tr><td><a href=\"https:\/\/www.tsv-neunkirchen-am-brand.de\/sc\">TSV Neunkirchen am Brand  \/ SAbt.<\/a><br>(DSB: 21236)<br><a href=\"https:\/\/mfrnord.info\/own_pages\/kontakt\/kontakt_vereine.php?club=neunkirchen\">Kontaktseite<\/a><\/td><td>Pfarrheim Dormitz <br>Kirchenstr. 9<br>91077 Dormitz<\/td><td>&#8212;<\/td><td>Fr nachm.\/<br>abend<\/td><\/tr><tr><td><a href=\"http:\/\/www.hans-seitz-online.de\/\">SV Neustadt\/Aisch 07 <\/a><br>(DSB: 21209)<\/td><td>Sportparkrestaurant Diespeck<br>Eymoutier-Str. 2<br>91456 Diespeck<br>Tel: 09161\/3322<\/td><td>Fr 20:00<\/td><td>Jugend:<br>Fr 19:00<\/td><\/tr><tr><td>SC Pottenstein e.V. <br>(DSB: 21231)<\/td><td>Gemeindehaus T\u00fcchersfeld<br>Am Lindsbach 3<br>91278 T\u00fcchersfeld<\/td><td>Fr 20:00<\/td><td>Jugend:<br>Fr 19:00<\/td><\/tr><tr><td><a href=\"https:\/\/mfrnord.info\/v\/roettenbach\/\">Schachtreff R\u00f6ttenbach <\/a>(DSB: 21234)<br><a href=\"https:\/\/mfrnord.info\/own_pages\/kontakt\/kontakt_vereine.php?club=roettenbach\">Kontaktseite<\/a><\/td><td>B\u00fcrgertreff R\u00f6ttenbach <br>Ringstr. 46<br>91341 R\u00f6ttenbach<\/td><td>Do 19:30<\/td><td>Jugend:<br>Do 16:00<\/td><\/tr><tr><td><a href=\"https:\/\/www.scu-uttenreuth.de\/schach\/news.html\">SC Uttenreuth e.V. \/ SAbt. <\/a><br>(DSB: 21212)<\/td><td>Sportheim SC Uttenreuth <br>Breslauer Stra\u00dfe. 41<br>91080 Uttenreuth<br>Tel: 09131\/51103<\/td><td>Di 18:30<\/td><td>Jugend:<br>Di 17:00<\/td><\/tr><tr><td><a href=\"https:\/\/schach.in\/sf-wilhermsdorf\/\">SF Wilhermsdorf<\/a> <br>(DSB: 21223)<\/td><td>Evangelische Gemeinschaft Wilhermsdorf<br>Bergstra\u00dfe 13<br>91452 Wilhermsdorf<\/td><td>Fr 20:00<\/td><td>Jugend:<br>Fr 19:00<\/td><\/tr><tr><td><\/td><td><\/td><td><\/td><td><\/td><\/tr><\/tbody><\/table><\/figure>\n<\/div>\n<\/div>\n","protected":false},"excerpt":{"rendered":"<p>Vereine des Schachkreises Mfr. Nord Die Links in der 1. Spalte verweisen auf die Vereins-Homepage. Die Eintr\u00e4ge sind nach den Namen der Orte sortiert. Verein Spiellokal Spielabende(Uhrzeit) Jugend-Training SV Bubenreuth \/ SAbt. (DSB: 21214) Sportheim Zum Franken Frankenstr. 4391088 Bubenreuth &hellip; <a href=\"https:\/\/mfrnord.info\/wordpress\/vereine\/\">Weiterlesen <span class=\"meta-nav\">&rarr;<\/span><\/a><\/p>\n","protected":false},"author":12,"featured_media":0,"parent":0,"menu_order":0,"comment_status":"closed","ping_status":"closed","template":"onecolumn-page.php","meta":{"footnotes":""},"class_list":["post-47","page","type-page","status-publish","hentry"],"_links":{"self":[{"href":"https:\/\/mfrnord.info\/wordpress\/wp-json\/wp\/v2\/pages\/47","targetHints":{"allow":["GET"]}}],"collection":[{"href":"https:\/\/mfrnord.info\/wordpress\/wp-json\/wp\/v2\/pages"}],"about":[{"href":"https:\/\/mfrnord.info\/wordpress\/wp-json\/wp\/v2\/types\/page"}],"author":[{"embeddable":true,"href":"https:\/\/mfrnord.info\/wordpress\/wp-json\/wp\/v2\/users\/12"}],"replies":[{"embeddable":true,"href":"https:\/\/mfrnord.info\/wordpress\/wp-json\/wp\/v2\/comments?post=47"}],"version-history":[{"count":42,"href":"https:\/\/mfrnord.info\/wordpress\/wp-json\/wp\/v2\/pages\/47\/revisions"}],"predecessor-version":[{"id":3174,"href":"https:\/\/mfrnord.info\/wordpress\/wp-json\/wp\/v2\/pages\/47\/revisions\/3174"}],"wp:attachment":[{"href":"https:\/\/mfrnord.info\/wordpress\/wp-json\/wp\/v2\/media?parent=47"}],"curies":[{"name":"wp","href":"https:\/\/api.w.org\/{rel}","templated":true}]}}